{"id":2469,"date":"2023-11-28T17:48:35","date_gmt":"2023-11-28T16:48:35","guid":{"rendered":"https:\/\/tru2size.com\/?post_type=product&#038;p=2469"},"modified":"2023-11-28T18:17:56","modified_gmt":"2023-11-28T17:17:56","slug":"nike-sb-x-april-skateboards-dunk-low-pro","status":"publish","type":"product","link":"https:\/\/tru2size.com\/en\/produkt\/nike\/dunk\/nike-sb-x-april-skateboards-dunk-low-pro\/","title":{"rendered":"Nike SB x April Skateboards Dunk Low Pro"},"content":{"rendered":"<p>Nike SB i April Skateboards po\u0142\u0105czy\u0142y si\u0142y, aby stworzy\u0107 niezwykle lekki i stylowy model Dunk, kt\u00f3ry odzwierciedla ducha skateboardingu, koszyk\u00f3wki i mody ulicznej. Ten ikoniczny design z lat 80. zosta\u0142 od\u015bwie\u017cony dzi\u0119ki zastosowaniu mi\u0119kkiego zamszu, g\u0142adkiej sk\u00f3ry i przewiewnej dzianiny, zapewniaj\u0105c nie tylko trwa\u0142o\u015b\u0107, ale tak\u017ce lekko\u015b\u0107 i elastyczno\u015b\u0107.<\/p>\n<p>Podeszwa zewn\u0119trzna, utrzymana w p\u00f3\u0142przezroczystym wydaniu, zosta\u0142a ozdobiona grafik\u0105 firmy April, przedstawiaj\u0105c\u0105 wyj\u0105tkow\u0105 r\u00f3\u017c\u0119. Dodatkowo, metaliczne srebro i profilowane wstawki z logo Swoosh nadaj\u0105 temu modelowi futurystycznego blasku. Detale z logo obu marek oraz specjalnie zaprojektowane wk\u0142adki doskonale komponuj\u0105 si\u0119 z ca\u0142o\u015bci\u0105, tworz\u0105c nie tylko buty do jazdy na desce, ale tak\u017ce modny element garderoby.<\/p>\n<p>Nike SB i April Skateboards udowadniaj\u0105, \u017ce funkcjonalno\u015b\u0107 mo\u017ce i\u015b\u0107 w parze z estetyk\u0105, tworz\u0105c niepowtarzalny model Dunk, kt\u00f3ry z pewno\u015bci\u0105 przetrwa pr\u00f3b\u0119 czasu i zadowoli zar\u00f3wno mi\u0142o\u015bnik\u00f3w skateboardingu, jak i entuzjast\u00f3w stylu ulicznego.<\/p>\n","protected":false},"excerpt":{"rendered":"<p>Nike SB i April Skateboards po\u0142\u0105czy\u0142y si\u0142y, aby stworzy\u0107 niezwykle lekki i stylowy model Dunk, kt\u00f3ry odzwierciedla ducha skateboardingu, koszyk\u00f3wki i mody ulicznej. Ten ikoniczny design z lat 80. zosta\u0142 od\u015bwie\u017cony dzi\u0119ki zastosowaniu mi\u0119kkiego zamszu, g\u0142adkiej sk\u00f3ry i przewiewnej dzianiny, zapewniaj\u0105c nie tylko trwa\u0142o\u015b\u0107, ale tak\u017ce lekko\u015b\u0107 i elastyczno\u015b\u0107. Podeszwa zewn\u0119trzna, utrzymana w p\u00f3\u0142przezroczystym wydaniu, [&hellip;]<\/p>\n","protected":false},"featured_media":2476,"comment_status":"open","ping_status":"closed","template":"","meta":{"_et_pb_use_builder":"","_et_pb_old_content":"","_et_gb_content_width":""},"product_cat":[27,23],"product_tag":[],"yoast_head":"<!-- This site is optimized with the Yoast SEO plugin v22.9 - https:\/\/yoast.com\/wordpress\/plugins\/seo\/ -->\n<title>Nike SB x April Skateboards Dunk Low Pro - TRU2SIZE<\/title>\n<meta name=\"robots\" content=\"index, follow, max-snippet:-1, max-image-preview:large, max-video-preview:-1\" \/>\n<link rel=\"canonical\" href=\"https:\/\/tru2size.com\/en\/produkt\/nike\/dunk\/nike-sb-x-april-skateboards-dunk-low-pro\/\" \/>\n<meta property=\"og:locale\" content=\"en_US\" \/>\n<meta property=\"og:type\" content=\"article\" \/>\n<meta property=\"og:title\" content=\"Nike SB x April Skateboards Dunk Low Pro - TRU2SIZE\" \/>\n<meta property=\"og:description\" content=\"Nike SB i April Skateboards po\u0142\u0105czy\u0142y si\u0142y, aby stworzy\u0107 niezwykle lekki i stylowy model Dunk, kt\u00f3ry odzwierciedla ducha skateboardingu, koszyk\u00f3wki i mody ulicznej. Ten ikoniczny design z lat 80. zosta\u0142 od\u015bwie\u017cony dzi\u0119ki zastosowaniu mi\u0119kkiego zamszu, g\u0142adkiej sk\u00f3ry i przewiewnej dzianiny, zapewniaj\u0105c nie tylko trwa\u0142o\u015b\u0107, ale tak\u017ce lekko\u015b\u0107 i elastyczno\u015b\u0107. Podeszwa zewn\u0119trzna, utrzymana w p\u00f3\u0142przezroczystym wydaniu, [&hellip;]\" \/>\n<meta property=\"og:url\" content=\"https:\/\/tru2size.com\/en\/produkt\/nike\/dunk\/nike-sb-x-april-skateboards-dunk-low-pro\/\" \/>\n<meta property=\"og:site_name\" content=\"TRU2SIZE\" \/>\n<meta property=\"article:publisher\" content=\"https:\/\/www.facebook.com\/profile.php?id=100085874232044\" \/>\n<meta property=\"article:modified_time\" content=\"2023-11-28T17:17:56+00:00\" \/>\n<meta property=\"og:image\" content=\"https:\/\/tru2size.com\/wp-content\/uploads\/2023\/11\/april-1a-e1701190311505.jpeg\" \/>\n\t<meta property=\"og:image:width\" content=\"841\" \/>\n\t<meta property=\"og:image:height\" content=\"600\" \/>\n\t<meta property=\"og:image:type\" content=\"image\/jpeg\" \/>\n<meta name=\"twitter:card\" content=\"summary_large_image\" \/>\n<meta name=\"twitter:label1\" content=\"Est. reading time\" \/>\n\t<meta name=\"twitter:data1\" content=\"1 minute\" \/>\n<script type=\"application\/ld+json\" class=\"yoast-schema-graph\">{\"@context\":\"https:\/\/schema.org\",\"@graph\":[{\"@type\":\"WebPage\",\"@id\":\"https:\/\/tru2size.com\/en\/produkt\/nike\/dunk\/nike-sb-x-april-skateboards-dunk-low-pro\/\",\"url\":\"https:\/\/tru2size.com\/en\/produkt\/nike\/dunk\/nike-sb-x-april-skateboards-dunk-low-pro\/\",\"name\":\"Nike SB x April Skateboards Dunk Low Pro - TRU2SIZE\",\"isPartOf\":{\"@id\":\"https:\/\/tru2size.com\/en\/#website\"},\"primaryImageOfPage\":{\"@id\":\"https:\/\/tru2size.com\/en\/produkt\/nike\/dunk\/nike-sb-x-april-skateboards-dunk-low-pro\/#primaryimage\"},\"image\":{\"@id\":\"https:\/\/tru2size.com\/en\/produkt\/nike\/dunk\/nike-sb-x-april-skateboards-dunk-low-pro\/#primaryimage\"},\"thumbnailUrl\":\"https:\/\/tru2size.com\/wp-content\/uploads\/2023\/11\/april-1a-e1701190311505.jpeg\",\"datePublished\":\"2023-11-28T16:48:35+00:00\",\"dateModified\":\"2023-11-28T17:17:56+00:00\",\"breadcrumb\":{\"@id\":\"https:\/\/tru2size.com\/en\/produkt\/nike\/dunk\/nike-sb-x-april-skateboards-dunk-low-pro\/#breadcrumb\"},\"inLanguage\":\"en-US\",\"potentialAction\":[{\"@type\":\"ReadAction\",\"target\":[\"https:\/\/tru2size.com\/en\/produkt\/nike\/dunk\/nike-sb-x-april-skateboards-dunk-low-pro\/\"]}]},{\"@type\":\"ImageObject\",\"inLanguage\":\"en-US\",\"@id\":\"https:\/\/tru2size.com\/en\/produkt\/nike\/dunk\/nike-sb-x-april-skateboards-dunk-low-pro\/#primaryimage\",\"url\":\"https:\/\/tru2size.com\/wp-content\/uploads\/2023\/11\/april-1a-e1701190311505.jpeg\",\"contentUrl\":\"https:\/\/tru2size.com\/wp-content\/uploads\/2023\/11\/april-1a-e1701190311505.jpeg\",\"width\":841,\"height\":600},{\"@type\":\"BreadcrumbList\",\"@id\":\"https:\/\/tru2size.com\/en\/produkt\/nike\/dunk\/nike-sb-x-april-skateboards-dunk-low-pro\/#breadcrumb\",\"itemListElement\":[{\"@type\":\"ListItem\",\"position\":1,\"name\":\"Strona g\u0142\u00f3wna\",\"item\":\"https:\/\/tru2size.com\/en\/home\/\"},{\"@type\":\"ListItem\",\"position\":2,\"name\":\"Store\",\"item\":\"https:\/\/tru2size.com\/en\/shop\/\"},{\"@type\":\"ListItem\",\"position\":3,\"name\":\"Nike SB x April Skateboards Dunk Low Pro\"}]},{\"@type\":\"WebSite\",\"@id\":\"https:\/\/tru2size.com\/en\/#website\",\"url\":\"https:\/\/tru2size.com\/en\/\",\"name\":\"TRU2SIZE\",\"description\":\"Limited sneakers store\",\"publisher\":{\"@id\":\"https:\/\/tru2size.com\/en\/#organization\"},\"potentialAction\":[{\"@type\":\"SearchAction\",\"target\":{\"@type\":\"EntryPoint\",\"urlTemplate\":\"https:\/\/tru2size.com\/en\/?s={search_term_string}\"},\"query-input\":\"required name=search_term_string\"}],\"inLanguage\":\"en-US\"},{\"@type\":\"Organization\",\"@id\":\"https:\/\/tru2size.com\/en\/#organization\",\"name\":\"TRU2SIZE\",\"url\":\"https:\/\/tru2size.com\/en\/\",\"logo\":{\"@type\":\"ImageObject\",\"inLanguage\":\"en-US\",\"@id\":\"https:\/\/tru2size.com\/en\/#\/schema\/logo\/image\/\",\"url\":\"https:\/\/tru2size.com\/wp-content\/uploads\/2023\/03\/T2S_513.png\",\"contentUrl\":\"https:\/\/tru2size.com\/wp-content\/uploads\/2023\/03\/T2S_513.png\",\"width\":512,\"height\":512,\"caption\":\"TRU2SIZE\"},\"image\":{\"@id\":\"https:\/\/tru2size.com\/en\/#\/schema\/logo\/image\/\"},\"sameAs\":[\"https:\/\/www.facebook.com\/profile.php?id=100085874232044\",\"https:\/\/www.instagram.com\/tru2size_store\/\"]}]}<\/script>\n<!-- \/ Yoast SEO plugin. -->","yoast_head_json":{"title":"Nike SB x April Skateboards Dunk Low Pro - TRU2SIZE","robots":{"index":"index","follow":"follow","max-snippet":"max-snippet:-1","max-image-preview":"max-image-preview:large","max-video-preview":"max-video-preview:-1"},"canonical":"https:\/\/tru2size.com\/en\/produkt\/nike\/dunk\/nike-sb-x-april-skateboards-dunk-low-pro\/","og_locale":"en_US","og_type":"article","og_title":"Nike SB x April Skateboards Dunk Low Pro - TRU2SIZE","og_description":"Nike SB i April Skateboards po\u0142\u0105czy\u0142y si\u0142y, aby stworzy\u0107 niezwykle lekki i stylowy model Dunk, kt\u00f3ry odzwierciedla ducha skateboardingu, koszyk\u00f3wki i mody ulicznej. Ten ikoniczny design z lat 80. zosta\u0142 od\u015bwie\u017cony dzi\u0119ki zastosowaniu mi\u0119kkiego zamszu, g\u0142adkiej sk\u00f3ry i przewiewnej dzianiny, zapewniaj\u0105c nie tylko trwa\u0142o\u015b\u0107, ale tak\u017ce lekko\u015b\u0107 i elastyczno\u015b\u0107. Podeszwa zewn\u0119trzna, utrzymana w p\u00f3\u0142przezroczystym wydaniu, [&hellip;]","og_url":"https:\/\/tru2size.com\/en\/produkt\/nike\/dunk\/nike-sb-x-april-skateboards-dunk-low-pro\/","og_site_name":"TRU2SIZE","article_publisher":"https:\/\/www.facebook.com\/profile.php?id=100085874232044","article_modified_time":"2023-11-28T17:17:56+00:00","og_image":[{"width":841,"height":600,"url":"https:\/\/tru2size.com\/wp-content\/uploads\/2023\/11\/april-1a-e1701190311505.jpeg","type":"image\/jpeg"}],"twitter_card":"summary_large_image","twitter_misc":{"Est. reading time":"1 minute"},"schema":{"@context":"https:\/\/schema.org","@graph":[{"@type":"WebPage","@id":"https:\/\/tru2size.com\/en\/produkt\/nike\/dunk\/nike-sb-x-april-skateboards-dunk-low-pro\/","url":"https:\/\/tru2size.com\/en\/produkt\/nike\/dunk\/nike-sb-x-april-skateboards-dunk-low-pro\/","name":"Nike SB x April Skateboards Dunk Low Pro - TRU2SIZE","isPartOf":{"@id":"https:\/\/tru2size.com\/en\/#website"},"primaryImageOfPage":{"@id":"https:\/\/tru2size.com\/en\/produkt\/nike\/dunk\/nike-sb-x-april-skateboards-dunk-low-pro\/#primaryimage"},"image":{"@id":"https:\/\/tru2size.com\/en\/produkt\/nike\/dunk\/nike-sb-x-april-skateboards-dunk-low-pro\/#primaryimage"},"thumbnailUrl":"https:\/\/tru2size.com\/wp-content\/uploads\/2023\/11\/april-1a-e1701190311505.jpeg","datePublished":"2023-11-28T16:48:35+00:00","dateModified":"2023-11-28T17:17:56+00:00","breadcrumb":{"@id":"https:\/\/tru2size.com\/en\/produkt\/nike\/dunk\/nike-sb-x-april-skateboards-dunk-low-pro\/#breadcrumb"},"inLanguage":"en-US","potentialAction":[{"@type":"ReadAction","target":["https:\/\/tru2size.com\/en\/produkt\/nike\/dunk\/nike-sb-x-april-skateboards-dunk-low-pro\/"]}]},{"@type":"ImageObject","inLanguage":"en-US","@id":"https:\/\/tru2size.com\/en\/produkt\/nike\/dunk\/nike-sb-x-april-skateboards-dunk-low-pro\/#primaryimage","url":"https:\/\/tru2size.com\/wp-content\/uploads\/2023\/11\/april-1a-e1701190311505.jpeg","contentUrl":"https:\/\/tru2size.com\/wp-content\/uploads\/2023\/11\/april-1a-e1701190311505.jpeg","width":841,"height":600},{"@type":"BreadcrumbList","@id":"https:\/\/tru2size.com\/en\/produkt\/nike\/dunk\/nike-sb-x-april-skateboards-dunk-low-pro\/#breadcrumb","itemListElement":[{"@type":"ListItem","position":1,"name":"Strona g\u0142\u00f3wna","item":"https:\/\/tru2size.com\/en\/home\/"},{"@type":"ListItem","position":2,"name":"Store","item":"https:\/\/tru2size.com\/en\/shop\/"},{"@type":"ListItem","position":3,"name":"Nike SB x April Skateboards Dunk Low Pro"}]},{"@type":"WebSite","@id":"https:\/\/tru2size.com\/en\/#website","url":"https:\/\/tru2size.com\/en\/","name":"TRU2SIZE","description":"Limited sneakers store","publisher":{"@id":"https:\/\/tru2size.com\/en\/#organization"},"potentialAction":[{"@type":"SearchAction","target":{"@type":"EntryPoint","urlTemplate":"https:\/\/tru2size.com\/en\/?s={search_term_string}"},"query-input":"required name=search_term_string"}],"inLanguage":"en-US"},{"@type":"Organization","@id":"https:\/\/tru2size.com\/en\/#organization","name":"TRU2SIZE","url":"https:\/\/tru2size.com\/en\/","logo":{"@type":"ImageObject","inLanguage":"en-US","@id":"https:\/\/tru2size.com\/en\/#\/schema\/logo\/image\/","url":"https:\/\/tru2size.com\/wp-content\/uploads\/2023\/03\/T2S_513.png","contentUrl":"https:\/\/tru2size.com\/wp-content\/uploads\/2023\/03\/T2S_513.png","width":512,"height":512,"caption":"TRU2SIZE"},"image":{"@id":"https:\/\/tru2size.com\/en\/#\/schema\/logo\/image\/"},"sameAs":["https:\/\/www.facebook.com\/profile.php?id=100085874232044","https:\/\/www.instagram.com\/tru2size_store\/"]}]}},"_links":{"self":[{"href":"https:\/\/tru2size.com\/en\/wp-json\/wp\/v2\/product\/2469"}],"collection":[{"href":"https:\/\/tru2size.com\/en\/wp-json\/wp\/v2\/product"}],"about":[{"href":"https:\/\/tru2size.com\/en\/wp-json\/wp\/v2\/types\/product"}],"replies":[{"embeddable":true,"href":"https:\/\/tru2size.com\/en\/wp-json\/wp\/v2\/comments?post=2469"}],"wp:featuredmedia":[{"embeddable":true,"href":"https:\/\/tru2size.com\/en\/wp-json\/wp\/v2\/media\/2476"}],"wp:attachment":[{"href":"https:\/\/tru2size.com\/en\/wp-json\/wp\/v2\/media?parent=2469"}],"wp:term":[{"taxonomy":"product_cat","embeddable":true,"href":"https:\/\/tru2size.com\/en\/wp-json\/wp\/v2\/product_cat?post=2469"},{"taxonomy":"product_tag","embeddable":true,"href":"https:\/\/tru2size.com\/en\/wp-json\/wp\/v2\/product_tag?post=2469"}],"curies":[{"name":"wp","href":"https:\/\/api.w.org\/{rel}","templated":true}]}}