{"id":2367,"date":"2023-08-22T14:33:07","date_gmt":"2023-08-22T12:33:07","guid":{"rendered":"https:\/\/tru2size.com\/?post_type=product&#038;p=2367"},"modified":"2023-08-22T14:51:58","modified_gmt":"2023-08-22T12:51:58","slug":"nike-sb-dunk-low-x-crenshaw-skate-club","status":"publish","type":"product","link":"https:\/\/tru2size.com\/en\/produkt\/nike\/dunk\/nike-sb-dunk-low-x-crenshaw-skate-club\/","title":{"rendered":"Nike SB Dunk Low x Crenshaw Skate Club"},"content":{"rendered":"<p>Nike SB Dunk Low Crenshaw Skate Club to ho\u0142d dla charakterystycznych barw i patyny dzielnicy Tobey&#8217;a. Ich design opiera si\u0119 na pop\u0119kanych sk\u00f3rzanych nak\u0142adkach, symbolizuj\u0105c lokalne s\u0105siedztwo. Buty maj\u0105 p\u00f3\u0142przezroczyst\u0105 podeszw\u0119 zewn\u0119trzn\u0105, \u017cagielkow\u0105 podeszw\u0119 \u015brodkow\u0105 oraz ilustracje inspirowane m\u0142odo\u015bci\u0105 Tobey&#8217;a &#8211; w\u0142a\u015bciciela sklepu. Oferuj\u0105 r\u00f3\u017cne opcje sznurowania, niestandardowe wk\u0142adki i wyj\u0105tkowy styl, tworz\u0105c wyrazist\u0105 ekspresj\u0119 kultury skateboardingu.<\/p>\n","protected":false},"excerpt":{"rendered":"<p>Nike SB Dunk Low Crenshaw Skate Club to ho\u0142d dla charakterystycznych barw i patyny dzielnicy Tobey&#8217;a. Ich design opiera si\u0119 na pop\u0119kanych sk\u00f3rzanych nak\u0142adkach, symbolizuj\u0105c lokalne s\u0105siedztwo. Buty maj\u0105 p\u00f3\u0142przezroczyst\u0105 podeszw\u0119 zewn\u0119trzn\u0105, \u017cagielkow\u0105 podeszw\u0119 \u015brodkow\u0105 oraz ilustracje inspirowane m\u0142odo\u015bci\u0105 Tobey&#8217;a &#8211; w\u0142a\u015bciciela sklepu. Oferuj\u0105 r\u00f3\u017cne opcje sznurowania, niestandardowe wk\u0142adki i wyj\u0105tkowy styl, tworz\u0105c wyrazist\u0105 ekspresj\u0119 [&hellip;]<\/p>\n","protected":false},"featured_media":2378,"comment_status":"open","ping_status":"closed","template":"","meta":{"_et_pb_use_builder":"","_et_pb_old_content":"","_et_gb_content_width":""},"product_cat":[27,23],"product_tag":[],"yoast_head":"<!-- This site is optimized with the Yoast SEO plugin v22.9 - https:\/\/yoast.com\/wordpress\/plugins\/seo\/ -->\n<title>Nike SB Dunk Low x Crenshaw Skate Club - TRU2SIZE<\/title>\n<meta name=\"robots\" content=\"index, follow, max-snippet:-1, max-image-preview:large, max-video-preview:-1\" \/>\n<link rel=\"canonical\" href=\"https:\/\/tru2size.com\/en\/produkt\/nike\/dunk\/nike-sb-dunk-low-x-crenshaw-skate-club\/\" \/>\n<meta property=\"og:locale\" content=\"en_US\" \/>\n<meta property=\"og:type\" content=\"article\" \/>\n<meta property=\"og:title\" content=\"Nike SB Dunk Low x Crenshaw Skate Club - TRU2SIZE\" \/>\n<meta property=\"og:description\" content=\"Nike SB Dunk Low Crenshaw Skate Club to ho\u0142d dla charakterystycznych barw i patyny dzielnicy Tobey&#8217;a. Ich design opiera si\u0119 na pop\u0119kanych sk\u00f3rzanych nak\u0142adkach, symbolizuj\u0105c lokalne s\u0105siedztwo. Buty maj\u0105 p\u00f3\u0142przezroczyst\u0105 podeszw\u0119 zewn\u0119trzn\u0105, \u017cagielkow\u0105 podeszw\u0119 \u015brodkow\u0105 oraz ilustracje inspirowane m\u0142odo\u015bci\u0105 Tobey&#8217;a &#8211; w\u0142a\u015bciciela sklepu. Oferuj\u0105 r\u00f3\u017cne opcje sznurowania, niestandardowe wk\u0142adki i wyj\u0105tkowy styl, tworz\u0105c wyrazist\u0105 ekspresj\u0119 [&hellip;]\" \/>\n<meta property=\"og:url\" content=\"https:\/\/tru2size.com\/en\/produkt\/nike\/dunk\/nike-sb-dunk-low-x-crenshaw-skate-club\/\" \/>\n<meta property=\"og:site_name\" content=\"TRU2SIZE\" \/>\n<meta property=\"article:publisher\" content=\"https:\/\/www.facebook.com\/profile.php?id=100085874232044\" \/>\n<meta property=\"article:modified_time\" content=\"2023-08-22T12:51:58+00:00\" \/>\n<meta property=\"og:image\" content=\"https:\/\/tru2size.com\/wp-content\/uploads\/2023\/08\/sb11-e1692708026699.webp\" \/>\n\t<meta property=\"og:image:width\" content=\"1000\" \/>\n\t<meta property=\"og:image:height\" content=\"600\" \/>\n\t<meta property=\"og:image:type\" content=\"image\/webp\" \/>\n<meta name=\"twitter:card\" content=\"summary_large_image\" \/>\n<script type=\"application\/ld+json\" class=\"yoast-schema-graph\">{\"@context\":\"https:\/\/schema.org\",\"@graph\":[{\"@type\":\"WebPage\",\"@id\":\"https:\/\/tru2size.com\/en\/produkt\/nike\/dunk\/nike-sb-dunk-low-x-crenshaw-skate-club\/\",\"url\":\"https:\/\/tru2size.com\/en\/produkt\/nike\/dunk\/nike-sb-dunk-low-x-crenshaw-skate-club\/\",\"name\":\"Nike SB Dunk Low x Crenshaw Skate Club - TRU2SIZE\",\"isPartOf\":{\"@id\":\"https:\/\/tru2size.com\/en\/#website\"},\"primaryImageOfPage\":{\"@id\":\"https:\/\/tru2size.com\/en\/produkt\/nike\/dunk\/nike-sb-dunk-low-x-crenshaw-skate-club\/#primaryimage\"},\"image\":{\"@id\":\"https:\/\/tru2size.com\/en\/produkt\/nike\/dunk\/nike-sb-dunk-low-x-crenshaw-skate-club\/#primaryimage\"},\"thumbnailUrl\":\"https:\/\/tru2size.com\/wp-content\/uploads\/2023\/08\/sb11-e1692708026699.webp\",\"datePublished\":\"2023-08-22T12:33:07+00:00\",\"dateModified\":\"2023-08-22T12:51:58+00:00\",\"breadcrumb\":{\"@id\":\"https:\/\/tru2size.com\/en\/produkt\/nike\/dunk\/nike-sb-dunk-low-x-crenshaw-skate-club\/#breadcrumb\"},\"inLanguage\":\"en-US\",\"potentialAction\":[{\"@type\":\"ReadAction\",\"target\":[\"https:\/\/tru2size.com\/en\/produkt\/nike\/dunk\/nike-sb-dunk-low-x-crenshaw-skate-club\/\"]}]},{\"@type\":\"ImageObject\",\"inLanguage\":\"en-US\",\"@id\":\"https:\/\/tru2size.com\/en\/produkt\/nike\/dunk\/nike-sb-dunk-low-x-crenshaw-skate-club\/#primaryimage\",\"url\":\"https:\/\/tru2size.com\/wp-content\/uploads\/2023\/08\/sb11-e1692708026699.webp\",\"contentUrl\":\"https:\/\/tru2size.com\/wp-content\/uploads\/2023\/08\/sb11-e1692708026699.webp\",\"width\":1000,\"height\":600},{\"@type\":\"BreadcrumbList\",\"@id\":\"https:\/\/tru2size.com\/en\/produkt\/nike\/dunk\/nike-sb-dunk-low-x-crenshaw-skate-club\/#breadcrumb\",\"itemListElement\":[{\"@type\":\"ListItem\",\"position\":1,\"name\":\"Strona g\u0142\u00f3wna\",\"item\":\"https:\/\/tru2size.com\/en\/home\/\"},{\"@type\":\"ListItem\",\"position\":2,\"name\":\"Store\",\"item\":\"https:\/\/tru2size.com\/en\/shop\/\"},{\"@type\":\"ListItem\",\"position\":3,\"name\":\"Nike SB Dunk Low x Crenshaw Skate Club\"}]},{\"@type\":\"WebSite\",\"@id\":\"https:\/\/tru2size.com\/en\/#website\",\"url\":\"https:\/\/tru2size.com\/en\/\",\"name\":\"TRU2SIZE\",\"description\":\"Limited sneakers store\",\"publisher\":{\"@id\":\"https:\/\/tru2size.com\/en\/#organization\"},\"potentialAction\":[{\"@type\":\"SearchAction\",\"target\":{\"@type\":\"EntryPoint\",\"urlTemplate\":\"https:\/\/tru2size.com\/en\/?s={search_term_string}\"},\"query-input\":\"required name=search_term_string\"}],\"inLanguage\":\"en-US\"},{\"@type\":\"Organization\",\"@id\":\"https:\/\/tru2size.com\/en\/#organization\",\"name\":\"TRU2SIZE\",\"url\":\"https:\/\/tru2size.com\/en\/\",\"logo\":{\"@type\":\"ImageObject\",\"inLanguage\":\"en-US\",\"@id\":\"https:\/\/tru2size.com\/en\/#\/schema\/logo\/image\/\",\"url\":\"https:\/\/tru2size.com\/wp-content\/uploads\/2023\/03\/T2S_513.png\",\"contentUrl\":\"https:\/\/tru2size.com\/wp-content\/uploads\/2023\/03\/T2S_513.png\",\"width\":512,\"height\":512,\"caption\":\"TRU2SIZE\"},\"image\":{\"@id\":\"https:\/\/tru2size.com\/en\/#\/schema\/logo\/image\/\"},\"sameAs\":[\"https:\/\/www.facebook.com\/profile.php?id=100085874232044\",\"https:\/\/www.instagram.com\/tru2size_store\/\"]}]}<\/script>\n<!-- \/ Yoast SEO plugin. -->","yoast_head_json":{"title":"Nike SB Dunk Low x Crenshaw Skate Club - TRU2SIZE","robots":{"index":"index","follow":"follow","max-snippet":"max-snippet:-1","max-image-preview":"max-image-preview:large","max-video-preview":"max-video-preview:-1"},"canonical":"https:\/\/tru2size.com\/en\/produkt\/nike\/dunk\/nike-sb-dunk-low-x-crenshaw-skate-club\/","og_locale":"en_US","og_type":"article","og_title":"Nike SB Dunk Low x Crenshaw Skate Club - TRU2SIZE","og_description":"Nike SB Dunk Low Crenshaw Skate Club to ho\u0142d dla charakterystycznych barw i patyny dzielnicy Tobey&#8217;a. Ich design opiera si\u0119 na pop\u0119kanych sk\u00f3rzanych nak\u0142adkach, symbolizuj\u0105c lokalne s\u0105siedztwo. Buty maj\u0105 p\u00f3\u0142przezroczyst\u0105 podeszw\u0119 zewn\u0119trzn\u0105, \u017cagielkow\u0105 podeszw\u0119 \u015brodkow\u0105 oraz ilustracje inspirowane m\u0142odo\u015bci\u0105 Tobey&#8217;a &#8211; w\u0142a\u015bciciela sklepu. Oferuj\u0105 r\u00f3\u017cne opcje sznurowania, niestandardowe wk\u0142adki i wyj\u0105tkowy styl, tworz\u0105c wyrazist\u0105 ekspresj\u0119 [&hellip;]","og_url":"https:\/\/tru2size.com\/en\/produkt\/nike\/dunk\/nike-sb-dunk-low-x-crenshaw-skate-club\/","og_site_name":"TRU2SIZE","article_publisher":"https:\/\/www.facebook.com\/profile.php?id=100085874232044","article_modified_time":"2023-08-22T12:51:58+00:00","og_image":[{"width":1000,"height":600,"url":"https:\/\/tru2size.com\/wp-content\/uploads\/2023\/08\/sb11-e1692708026699.webp","type":"image\/webp"}],"twitter_card":"summary_large_image","schema":{"@context":"https:\/\/schema.org","@graph":[{"@type":"WebPage","@id":"https:\/\/tru2size.com\/en\/produkt\/nike\/dunk\/nike-sb-dunk-low-x-crenshaw-skate-club\/","url":"https:\/\/tru2size.com\/en\/produkt\/nike\/dunk\/nike-sb-dunk-low-x-crenshaw-skate-club\/","name":"Nike SB Dunk Low x Crenshaw Skate Club - TRU2SIZE","isPartOf":{"@id":"https:\/\/tru2size.com\/en\/#website"},"primaryImageOfPage":{"@id":"https:\/\/tru2size.com\/en\/produkt\/nike\/dunk\/nike-sb-dunk-low-x-crenshaw-skate-club\/#primaryimage"},"image":{"@id":"https:\/\/tru2size.com\/en\/produkt\/nike\/dunk\/nike-sb-dunk-low-x-crenshaw-skate-club\/#primaryimage"},"thumbnailUrl":"https:\/\/tru2size.com\/wp-content\/uploads\/2023\/08\/sb11-e1692708026699.webp","datePublished":"2023-08-22T12:33:07+00:00","dateModified":"2023-08-22T12:51:58+00:00","breadcrumb":{"@id":"https:\/\/tru2size.com\/en\/produkt\/nike\/dunk\/nike-sb-dunk-low-x-crenshaw-skate-club\/#breadcrumb"},"inLanguage":"en-US","potentialAction":[{"@type":"ReadAction","target":["https:\/\/tru2size.com\/en\/produkt\/nike\/dunk\/nike-sb-dunk-low-x-crenshaw-skate-club\/"]}]},{"@type":"ImageObject","inLanguage":"en-US","@id":"https:\/\/tru2size.com\/en\/produkt\/nike\/dunk\/nike-sb-dunk-low-x-crenshaw-skate-club\/#primaryimage","url":"https:\/\/tru2size.com\/wp-content\/uploads\/2023\/08\/sb11-e1692708026699.webp","contentUrl":"https:\/\/tru2size.com\/wp-content\/uploads\/2023\/08\/sb11-e1692708026699.webp","width":1000,"height":600},{"@type":"BreadcrumbList","@id":"https:\/\/tru2size.com\/en\/produkt\/nike\/dunk\/nike-sb-dunk-low-x-crenshaw-skate-club\/#breadcrumb","itemListElement":[{"@type":"ListItem","position":1,"name":"Strona g\u0142\u00f3wna","item":"https:\/\/tru2size.com\/en\/home\/"},{"@type":"ListItem","position":2,"name":"Store","item":"https:\/\/tru2size.com\/en\/shop\/"},{"@type":"ListItem","position":3,"name":"Nike SB Dunk Low x Crenshaw Skate Club"}]},{"@type":"WebSite","@id":"https:\/\/tru2size.com\/en\/#website","url":"https:\/\/tru2size.com\/en\/","name":"TRU2SIZE","description":"Limited sneakers store","publisher":{"@id":"https:\/\/tru2size.com\/en\/#organization"},"potentialAction":[{"@type":"SearchAction","target":{"@type":"EntryPoint","urlTemplate":"https:\/\/tru2size.com\/en\/?s={search_term_string}"},"query-input":"required name=search_term_string"}],"inLanguage":"en-US"},{"@type":"Organization","@id":"https:\/\/tru2size.com\/en\/#organization","name":"TRU2SIZE","url":"https:\/\/tru2size.com\/en\/","logo":{"@type":"ImageObject","inLanguage":"en-US","@id":"https:\/\/tru2size.com\/en\/#\/schema\/logo\/image\/","url":"https:\/\/tru2size.com\/wp-content\/uploads\/2023\/03\/T2S_513.png","contentUrl":"https:\/\/tru2size.com\/wp-content\/uploads\/2023\/03\/T2S_513.png","width":512,"height":512,"caption":"TRU2SIZE"},"image":{"@id":"https:\/\/tru2size.com\/en\/#\/schema\/logo\/image\/"},"sameAs":["https:\/\/www.facebook.com\/profile.php?id=100085874232044","https:\/\/www.instagram.com\/tru2size_store\/"]}]}},"_links":{"self":[{"href":"https:\/\/tru2size.com\/en\/wp-json\/wp\/v2\/product\/2367"}],"collection":[{"href":"https:\/\/tru2size.com\/en\/wp-json\/wp\/v2\/product"}],"about":[{"href":"https:\/\/tru2size.com\/en\/wp-json\/wp\/v2\/types\/product"}],"replies":[{"embeddable":true,"href":"https:\/\/tru2size.com\/en\/wp-json\/wp\/v2\/comments?post=2367"}],"wp:featuredmedia":[{"embeddable":true,"href":"https:\/\/tru2size.com\/en\/wp-json\/wp\/v2\/media\/2378"}],"wp:attachment":[{"href":"https:\/\/tru2size.com\/en\/wp-json\/wp\/v2\/media?parent=2367"}],"wp:term":[{"taxonomy":"product_cat","embeddable":true,"href":"https:\/\/tru2size.com\/en\/wp-json\/wp\/v2\/product_cat?post=2367"},{"taxonomy":"product_tag","embeddable":true,"href":"https:\/\/tru2size.com\/en\/wp-json\/wp\/v2\/product_tag?post=2367"}],"curies":[{"name":"wp","href":"https:\/\/api.w.org\/{rel}","templated":true}]}}